{"id":9913,"date":"2022-10-05T12:47:04","date_gmt":"2022-10-05T10:47:04","guid":{"rendered":"https:\/\/www.onesta.es\/divisao-de-tecnologia\/o-que-fazemos\/projeto-giraopa\/"},"modified":"2023-08-22T13:09:37","modified_gmt":"2023-08-22T11:09:37","slug":"projeto-giraopa","status":"publish","type":"page","link":"https:\/\/www.onesta.es\/pt-pt\/divisao-de-tecnologia\/o-que-fazemos\/projeto-giraopa\/","title":{"rendered":"Projeto Giraopa"},"content":{"rendered":"\t\t<div data-elementor-type=\"wp-page\" data-elementor-id=\"9913\" class=\"elementor elementor-9913 elementor-5495\" data-elementor-post-type=\"page\">\n\t\t\t\t\t\t<section class=\"elementor-section elementor-top-section elementor-element elementor-element-392de20 elementor-section-boxed elementor-section-height-default elementor-section-height-default\" data-id=\"392de20\" data-element_type=\"section\">\n\t\t\t\t\t\t<div class=\"elementor-container elementor-column-gap-default\">\n\t\t\t\t\t<div class=\"elementor-column elementor-col-100 elementor-top-column elementor-element elementor-element-ade736f\" data-id=\"ade736f\" data-element_type=\"column\">\n\t\t\t<div class=\"elementor-widget-wrap\">\n\t\t\t\t\t\t\t<\/div>\n\t\t<\/div>\n\t\t\t\t\t<\/div>\n\t\t<\/section>\n\t\t\t\t<section data-dce-background-color=\"#EFEFEF\" class=\"elementor-section elementor-top-section elementor-element elementor-element-33380e5 elementor-section-boxed elementor-section-height-default elementor-section-height-default\" data-id=\"33380e5\" data-element_type=\"section\" data-settings=\"{&quot;background_background&quot;:&quot;classic&quot;}\">\n\t\t\t\t\t\t<div class=\"elementor-container elementor-column-gap-default\">\n\t\t\t\t\t<div class=\"elementor-column elementor-col-100 elementor-top-column elementor-element elementor-element-2ceeea0\" data-id=\"2ceeea0\" data-element_type=\"column\">\n\t\t\t<div class=\"elementor-widget-wrap elementor-element-populated\">\n\t\t\t\t\t\t<div class=\"elementor-element elementor-element-9b044d0 elementor-nav-menu__align-center elementor-nav-menu--dropdown-none elementor-widget elementor-widget-nav-menu\" data-id=\"9b044d0\" data-element_type=\"widget\" data-settings=\"{&quot;layout&quot;:&quot;horizontal&quot;,&quot;submenu_icon&quot;:{&quot;value&quot;:&quot;&lt;i class=\\&quot;fas fa-caret-down\\&quot;&gt;&lt;\\\/i&gt;&quot;,&quot;library&quot;:&quot;fa-solid&quot;}}\" data-widget_type=\"nav-menu.default\">\n\t\t\t\t<div class=\"elementor-widget-container\">\n\t\t\t\t\t\t<nav aria-label=\"Menu\" class=\"elementor-nav-menu--main elementor-nav-menu__container elementor-nav-menu--layout-horizontal e--pointer-background e--animation-fade\">\n\t\t\t\t<ul id=\"menu-1-9b044d0\" class=\"elementor-nav-menu\"><li class=\"menu-item menu-item-type-post_type menu-item-object-page menu-item-9944\"><a href=\"https:\/\/www.onesta.es\/pt-pt\/divisao-de-tecnologia\/\" class=\"elementor-item menu-link\">Divis\u00e3o de Tecnologia<\/a><\/li>\n<li class=\"menu-item menu-item-type-post_type menu-item-object-page menu-item-9947\"><a href=\"https:\/\/www.onesta.es\/pt-pt\/divisao-de-tecnologia\/o-que-fazemos\/\" class=\"elementor-item menu-link\">O que fazemos<\/a><\/li>\n<li class=\"menu-item menu-item-type-post_type menu-item-object-page menu-item-9948\"><a href=\"https:\/\/www.onesta.es\/pt-pt\/divisao-de-tecnologia\/o-que-fazemos\/projeto-giraopa\/\" class=\"elementor-item menu-link\">Projeto Giraopa<\/a><\/li>\n<li class=\"menu-item menu-item-type-post_type menu-item-object-page menu-item-9946\"><a href=\"https:\/\/www.onesta.es\/pt-pt\/divisao-de-tecnologia\/solucoes-de-consultoria\/\" class=\"elementor-item menu-link\">Solu\u00e7\u00f5es<\/a><\/li>\n<li class=\"menu-item menu-item-type-post_type menu-item-object-page menu-item-9945\"><a href=\"https:\/\/www.onesta.es\/pt-pt\/divisao-de-tecnologia\/kit-digital\/\" class=\"elementor-item menu-link\">Kit digital<\/a><\/li>\n<\/ul>\t\t\t<\/nav>\n\t\t\t\t\t\t<nav class=\"elementor-nav-menu--dropdown elementor-nav-menu__container\" aria-hidden=\"true\">\n\t\t\t\t<ul id=\"menu-2-9b044d0\" class=\"elementor-nav-menu\"><li class=\"menu-item menu-item-type-post_type menu-item-object-page menu-item-9944\"><a href=\"https:\/\/www.onesta.es\/pt-pt\/divisao-de-tecnologia\/\" class=\"elementor-item menu-link\" tabindex=\"-1\">Divis\u00e3o de Tecnologia<\/a><\/li>\n<li class=\"menu-item menu-item-type-post_type menu-item-object-page menu-item-9947\"><a href=\"https:\/\/www.onesta.es\/pt-pt\/divisao-de-tecnologia\/o-que-fazemos\/\" class=\"elementor-item menu-link\" tabindex=\"-1\">O que fazemos<\/a><\/li>\n<li class=\"menu-item menu-item-type-post_type menu-item-object-page menu-item-9948\"><a href=\"https:\/\/www.onesta.es\/pt-pt\/divisao-de-tecnologia\/o-que-fazemos\/projeto-giraopa\/\" class=\"elementor-item menu-link\" tabindex=\"-1\">Projeto Giraopa<\/a><\/li>\n<li class=\"menu-item menu-item-type-post_type menu-item-object-page menu-item-9946\"><a href=\"https:\/\/www.onesta.es\/pt-pt\/divisao-de-tecnologia\/solucoes-de-consultoria\/\" class=\"elementor-item menu-link\" tabindex=\"-1\">Solu\u00e7\u00f5es<\/a><\/li>\n<li class=\"menu-item menu-item-type-post_type menu-item-object-page menu-item-9945\"><a href=\"https:\/\/www.onesta.es\/pt-pt\/divisao-de-tecnologia\/kit-digital\/\" class=\"elementor-item menu-link\" tabindex=\"-1\">Kit digital<\/a><\/li>\n<\/ul>\t\t\t<\/nav>\n\t\t\t\t<\/div>\n\t\t\t\t<\/div>\n\t\t\t\t\t<\/div>\n\t\t<\/div>\n\t\t\t\t\t<\/div>\n\t\t<\/section>\n\t\t\t\t<section data-dce-background-overlay-color=\"#000000\" data-dce-background-image-url=\"https:\/\/www.onesta.es\/wp-content\/uploads\/2022\/10\/imag_proyecto_giraopa.jpg\" class=\"elementor-section elementor-top-section elementor-element elementor-element-ab494f0 elementor-section-height-min-height elementor-section-boxed elementor-section-height-default elementor-section-items-middle\" data-id=\"ab494f0\" data-element_type=\"section\" data-settings=\"{&quot;background_background&quot;:&quot;classic&quot;}\">\n\t\t\t\t\t\t\t<div class=\"elementor-background-overlay\"><\/div>\n\t\t\t\t\t\t\t<div class=\"elementor-container elementor-column-gap-default\">\n\t\t\t\t\t<div class=\"elementor-column elementor-col-100 elementor-top-column elementor-element elementor-element-54aece9\" data-id=\"54aece9\" data-element_type=\"column\">\n\t\t\t<div class=\"elementor-widget-wrap elementor-element-populated\">\n\t\t\t\t\t\t<section class=\"elementor-section elementor-inner-section elementor-element elementor-element-c0c0627 elementor-section-boxed elementor-section-height-default elementor-section-height-default\" data-id=\"c0c0627\" data-element_type=\"section\">\n\t\t\t\t\t\t<div class=\"elementor-container elementor-column-gap-default\">\n\t\t\t\t\t<div class=\"elementor-column elementor-col-100 elementor-inner-column elementor-element elementor-element-141c4b0\" data-id=\"141c4b0\" data-element_type=\"column\">\n\t\t\t<div class=\"elementor-widget-wrap elementor-element-populated\">\n\t\t\t\t\t\t<div class=\"elementor-element elementor-element-ae497ef elementor-widget elementor-widget-heading\" data-id=\"ae497ef\" data-element_type=\"widget\" data-widget_type=\"heading.default\">\n\t\t\t\t<div class=\"elementor-widget-container\">\n\t\t\t<h1 class=\"elementor-heading-title elementor-size-default\">Projeto Giraopa<\/h1>\t\t<\/div>\n\t\t\t\t<\/div>\n\t\t\t\t\t<\/div>\n\t\t<\/div>\n\t\t\t\t\t<\/div>\n\t\t<\/section>\n\t\t\t\t\t<\/div>\n\t\t<\/div>\n\t\t\t\t\t<\/div>\n\t\t<\/section>\n\t\t\t\t<section class=\"elementor-section elementor-top-section elementor-element elementor-element-ad61568 elementor-section-boxed elementor-section-height-default elementor-section-height-default\" data-id=\"ad61568\" data-element_type=\"section\">\n\t\t\t\t\t\t<div class=\"elementor-container elementor-column-gap-default\">\n\t\t\t\t\t<div class=\"elementor-column elementor-col-100 elementor-top-column elementor-element elementor-element-75123b1 elementor-invisible\" data-id=\"75123b1\" data-element_type=\"column\" data-settings=\"{&quot;animation&quot;:&quot;fadeInRight&quot;}\">\n\t\t\t<div class=\"elementor-widget-wrap elementor-element-populated\">\n\t\t\t\t\t\t<div class=\"elementor-element elementor-element-eba6fc4 elementor-widget elementor-widget-heading\" data-id=\"eba6fc4\" data-element_type=\"widget\" data-widget_type=\"heading.default\">\n\t\t\t\t<div class=\"elementor-widget-container\">\n\t\t\t<h2 class=\"elementor-heading-title elementor-size-default\">Projeto Giraopa<\/h2>\t\t<\/div>\n\t\t\t\t<\/div>\n\t\t\t\t<div class=\"elementor-element elementor-element-24218ee elementor-widget elementor-widget-text-editor\" data-id=\"24218ee\" data-element_type=\"widget\" data-widget_type=\"text-editor.default\">\n\t\t\t\t<div class=\"elementor-widget-container\">\n\t\t\t\t\t\t\t<p>Gest\u00e3o integrada da colheita da azeitona nos olivais e da produ\u00e7\u00e3o de azeite<\/p>\n\t\t\t\t\t\t<\/div>\n\t\t\t\t<\/div>\n\t\t\t\t<div class=\"elementor-element elementor-element-112bf86 elementor-widget elementor-widget-image\" data-id=\"112bf86\" data-element_type=\"widget\" data-widget_type=\"image.default\">\n\t\t\t\t<div class=\"elementor-widget-container\">\n\t\t\t\t\t\t\t\t\t\t\t\t\t<img  title=\"Projeto Giraopa - Onesta\" fetchpriority=\"high\" decoding=\"async\" width=\"1190\" height=\"225\" src=\"https:\/\/www.onesta.es\/wp-content\/uploads\/2022\/10\/logos_onesta_giraopa.png\" class=\"attachment-full size-full wp-image-9422\"  alt=\"Projeto Giraopa - Onesta\"  srcset=\"https:\/\/www.onesta.es\/wp-content\/uploads\/2022\/10\/logos_onesta_giraopa.png 1190w, https:\/\/www.onesta.es\/wp-content\/uploads\/2022\/10\/logos_onesta_giraopa-600x113.png 600w, https:\/\/www.onesta.es\/wp-content\/uploads\/2022\/10\/logos_onesta_giraopa-300x57.png 300w, https:\/\/www.onesta.es\/wp-content\/uploads\/2022\/10\/logos_onesta_giraopa-1024x194.png 1024w, https:\/\/www.onesta.es\/wp-content\/uploads\/2022\/10\/logos_onesta_giraopa-768x145.png 768w\" sizes=\"(max-width: 1190px) 100vw, 1190px\" \/>\t\t\t\t\t\t\t\t\t\t\t\t\t<\/div>\n\t\t\t\t<\/div>\n\t\t\t\t\t<\/div>\n\t\t<\/div>\n\t\t\t\t\t<\/div>\n\t\t<\/section>\n\t\t\t\t<section class=\"elementor-section elementor-top-section elementor-element elementor-element-037df35 elementor-section-boxed elementor-section-height-default elementor-section-height-default\" data-id=\"037df35\" data-element_type=\"section\">\n\t\t\t\t\t\t<div class=\"elementor-container elementor-column-gap-default\">\n\t\t\t\t\t<div class=\"elementor-column elementor-col-100 elementor-top-column elementor-element elementor-element-8e01e84\" data-id=\"8e01e84\" data-element_type=\"column\">\n\t\t\t<div class=\"elementor-widget-wrap elementor-element-populated\">\n\t\t\t\t\t\t<div class=\"elementor-element elementor-element-9d262fc elementor-widget elementor-widget-heading\" data-id=\"9d262fc\" data-element_type=\"widget\" data-widget_type=\"heading.default\">\n\t\t\t\t<div class=\"elementor-widget-container\">\n\t\t\t<h6 class=\"elementor-heading-title elementor-size-default\">Contexto\n <\/h6>\t\t<\/div>\n\t\t\t\t<\/div>\n\t\t\t\t<div class=\"elementor-element elementor-element-ab86f57 elementor-widget elementor-widget-text-editor\" data-id=\"ab86f57\" data-element_type=\"widget\" data-widget_type=\"text-editor.default\">\n\t\t\t\t<div class=\"elementor-widget-container\">\n\t\t\t\t\t\t\t<p>No sector do azeite, especialmente para os consumidores, \u00e9 cada vez mais necess\u00e1rio conhecer a qualidade do produto a partir das certifica\u00e7\u00f5es relevantes. O fato de poder demonstrar que o azeite n\u00e3o sofreu nenhuma altera\u00e7\u00e3o ao longo da cadeia de produ\u00e7\u00e3o, desde a azeitona at\u00e9 ao engarrafamento final, confere ao produto um valor acrescentado que se traduz diretamente em melhorias na sua fabrica\u00e7\u00e3o. Desta forma, evitam-se poss\u00edveis perdas de mat\u00e9ria-prima, rentabiliza-se o olival, o que permite competir no mercado, aumenta o valor do produto e a sua exporta\u00e7\u00e3o.<\/p>\n\t\t\t\t\t\t<\/div>\n\t\t\t\t<\/div>\n\t\t\t\t<div class=\"elementor-element elementor-element-48bc023 elementor-widget elementor-widget-heading\" data-id=\"48bc023\" data-element_type=\"widget\" data-widget_type=\"heading.default\">\n\t\t\t\t<div class=\"elementor-widget-container\">\n\t\t\t<h6 class=\"elementor-heading-title elementor-size-default\">PROJETO<\/h6>\t\t<\/div>\n\t\t\t\t<\/div>\n\t\t\t\t<div class=\"elementor-element elementor-element-fe77e90 elementor-widget elementor-widget-heading\" data-id=\"fe77e90\" data-element_type=\"widget\" data-widget_type=\"heading.default\">\n\t\t\t\t<div class=\"elementor-widget-container\">\n\t\t\t<p class=\"elementor-heading-title elementor-size-default\">O PROJETO GIRAOPA GARANTE, ATRAV\u00c9S DE UMA GEST\u00c3O INTEGRAL DO PROCESSO, O FUNCIONAMENTO EFICIENTE DO TRAJETO QUE A AZEITONA SEGUE DESDE A SUA ORIGEM AT\u00c9 SER TRANSFORMADA EM AZEITE E ARMAZENADA PARA A SUA DISTRIBUI\u00c7\u00c3O.<\/p>\t\t<\/div>\n\t\t\t\t<\/div>\n\t\t\t\t<div class=\"elementor-element elementor-element-a4f2cf1 elementor-widget elementor-widget-text-editor\" data-id=\"a4f2cf1\" data-element_type=\"widget\" data-widget_type=\"text-editor.default\">\n\t\t\t\t<div class=\"elementor-widget-container\">\n\t\t\t\t\t\t\t<p>Para garantir a rastreabilidade na produ\u00e7\u00e3o, dispomos dos \u00faltimos avan\u00e7os tanto em sistemas de hardware (sensores, computa\u00e7\u00e3o embarcada e comunica\u00e7\u00f5es espec\u00edficas) como de software (transmiss\u00f5es certificadas, codifica\u00e7\u00f5es criptografadas com chave p\u00fablica e privada, base de dados em sistemas cloud, sistemas de rastreabilidade distribu\u00eddos baseados em tecnologia tipo Blockchain).<\/p>\n\t\t\t\t\t\t<\/div>\n\t\t\t\t<\/div>\n\t\t\t\t<div class=\"elementor-element elementor-element-49020ae elementor-widget elementor-widget-heading\" data-id=\"49020ae\" data-element_type=\"widget\" data-widget_type=\"heading.default\">\n\t\t\t\t<div class=\"elementor-widget-container\">\n\t\t\t<h6 class=\"elementor-heading-title elementor-size-default\">Objetivos \n <\/h6>\t\t<\/div>\n\t\t\t\t<\/div>\n\t\t\t\t<div class=\"elementor-element elementor-element-ff5eed4 elementor-widget elementor-widget-text-editor\" data-id=\"ff5eed4\" data-element_type=\"widget\" data-widget_type=\"text-editor.default\">\n\t\t\t\t<div class=\"elementor-widget-container\">\n\t\t\t\t\t\t\t<ul>\n<li>Usar uma <strong>arquitetura de computa\u00e7\u00e3o em nuvem<\/strong> (cloud computing) para centralizar numa \u00fanica base de dados toda a informa\u00e7\u00e3o da cooperativa oliv\u00edcola (dados dos s\u00f3cios, informa\u00e7\u00e3o das propriedades, produ\u00e7\u00e3o de azeitona, uso de pesticidas, rendimento, etc.).<\/li>\n<li><strong>Incorporar informa\u00e7\u00e3o adicional \u00e0 base de dados atualmente n\u00e3o recolhida<\/strong> (hist\u00f3rico de temperatura e humidade nas propriedades, absor\u00e7\u00e3o de pesticidas no solo, etc.).<\/li>\n<li><strong>Consumos de energia e \u00e1gua no lagar. <\/strong><\/li>\n<li>Desenvolvimento de um <strong>portal do s\u00f3cio e aplica\u00e7\u00e3o m\u00f3vel (app)<\/strong> para informar e atender \u00e0s solicita\u00e7\u00f5es do s\u00f3cio.<\/li>\n<li>Implementa\u00e7\u00e3o de um <strong>sistema de gest\u00e3o de entrega de azeitonas no lagar.<\/strong><\/li>\n<\/ul>\n\t\t\t\t\t\t<\/div>\n\t\t\t\t<\/div>\n\t\t\t\t<div class=\"elementor-element elementor-element-80192c6 elementor-widget elementor-widget-heading\" data-id=\"80192c6\" data-element_type=\"widget\" data-widget_type=\"heading.default\">\n\t\t\t\t<div class=\"elementor-widget-container\">\n\t\t\t<h6 class=\"elementor-heading-title elementor-size-default\">OBJETIVOS T\u00c9CNICOS ESPEC\u00cdFICOS E ESCOPO<\/h6>\t\t<\/div>\n\t\t\t\t<\/div>\n\t\t\t\t<div class=\"elementor-element elementor-element-9286b6f elementor-widget elementor-widget-text-editor\" data-id=\"9286b6f\" data-element_type=\"widget\" data-widget_type=\"text-editor.default\">\n\t\t\t\t<div class=\"elementor-widget-container\">\n\t\t\t\t\t\t\t<ul>\n<li><strong>Garantir a rastreabilidade da azeitona que entra no lagar.<\/strong> Saber com seguran\u00e7a a proveni\u00eancia das azeitonas colhidas pelo lagar, incluindo a quantidade de azeitona que cada oliveira produz. Da mesma forma, o s\u00f3cio e a propriedade a que pertence ser\u00e3o identificados.<\/li>\n<li>Dispor a n\u00edvel industrial, e ao longo da cadeia de produ\u00e7\u00e3o do azeite, de <strong>mecanismos e sistemas que indiquem a quantidade de azeite produzido<\/strong> e, por consequ\u00eancia, o rendimento das azeitonas em tempo real.<\/li>\n<li><strong>Assegurar mediante c\u00f3digos criptografados e seguros a proveni\u00eancia do azeite recolhido nos diferentes silos. <\/strong><\/li>\n<li>Dispor de um <strong>sistema de comunica\u00e7\u00e3o fluido entre a cooperativa e o s\u00f3cio.<\/strong> <\/li>\n<li>Gerir de forma eficiente a rece\u00e7\u00e3o de azeitonas no lagar, atrav\u00e9s de um <strong>sistema de gest\u00e3o de filas<\/strong> com o qual o s\u00f3cio possa consultar a situa\u00e7\u00e3o da balan\u00e7a em tempo real e fazer um pedido de entrega. A n\u00edvel de desenvolvimento e pesquisa, com possibilidades de algum tipo de prote\u00e7\u00e3o de resultados e\/ou publica\u00e7\u00e3o dos mesmos.<\/li>\n<li><strong>Desenvolvimento de sistemas de sensores e comunica\u00e7\u00f5es espec\u00edficos<\/strong> para o problema proposto, que permitam realizar a sua funcionalidade em ambientes &#8220;hostis&#8221;, em contraposi\u00e7\u00e3o a ambientes controlados ou em laborat\u00f3rio.<\/li>\n<li>Implementa\u00e7\u00e3o e coloca\u00e7\u00e3o em funcionamento num <strong>sistema real de algoritmos de criptografia e blockchain para garantir a rastreabilidade de produtos agr\u00edcolas.<\/strong><\/li>\n<\/ul>\n\t\t\t\t\t\t<\/div>\n\t\t\t\t<\/div>\n\t\t\t\t\t<\/div>\n\t\t<\/div>\n\t\t\t\t\t<\/div>\n\t\t<\/section>\n\t\t\t\t<\/div>\n\t\t","protected":false},"excerpt":{"rendered":"<p>Projeto Giraopa Gest\u00e3o integrada da colheita da azeitona nos olivais e da produ\u00e7\u00e3o de azeite Contexto No sector do azeite, especialmente para os consumidores, \u00e9 cada vez mais necess\u00e1rio conhecer a qualidade do produto a partir das certifica\u00e7\u00f5es relevantes. O fato de poder demonstrar que o azeite n\u00e3o sofreu nenhuma altera\u00e7\u00e3o ao longo da cadeia [&hellip;]<\/p>\n","protected":false},"author":1,"featured_media":0,"parent":9886,"menu_order":0,"comment_status":"closed","ping_status":"closed","template":"","meta":{"_acf_changed":false,"pgc_meta":"","_seopress_robots_primary_cat":"","_seopress_titles_title":"","_seopress_titles_desc":"","_seopress_robots_index":"","site-sidebar-layout":"no-sidebar","site-content-layout":"page-builder","ast-site-content-layout":"","site-content-style":"default","site-sidebar-style":"default","ast-global-header-display":"","ast-banner-title-visibility":"","ast-main-header-display":"","ast-hfb-above-header-display":"","ast-hfb-below-header-display":"","ast-hfb-mobile-header-display":"","site-post-title":"disabled","ast-breadcrumbs-content":"","ast-featured-img":"disabled","footer-sml-layout":"","theme-transparent-header-meta":"","adv-header-id-meta":"","stick-header-meta":"","header-above-stick-meta":"","header-main-stick-meta":"","header-below-stick-meta":"","astra-migrate-meta-layouts":"default","ast-page-background-enabled":"default","ast-page-background-meta":{"desktop":{"background-color":"var(--ast-global-color-4)","background-image":"","background-repeat":"repeat","background-position":"center center","background-size":"auto","background-attachment":"scroll","background-type":"","background-media":"","overlay-type":"","overlay-color":"","overlay-opacity":"","overlay-gradient":""},"tablet":{"background-color":"","background-image":"","background-repeat":"repeat","background-position":"center center","background-size":"auto","background-attachment":"scroll","background-type":"","background-media":"","overlay-type":"","overlay-color":"","overlay-opacity":"","overlay-gradient":""},"mobile":{"background-color":"","background-image":"","background-repeat":"repeat","background-position":"center center","background-size":"auto","background-attachment":"scroll","background-type":"","background-media":"","overlay-type":"","overlay-color":"","overlay-opacity":"","overlay-gradient":""}},"ast-content-background-meta":{"desktop":{"background-color":"var(--ast-global-color-5)","background-image":"","background-repeat":"repeat","background-position":"center center","background-size":"auto","background-attachment":"scroll","background-type":"","background-media":"","overlay-type":"","overlay-color":"","overlay-opacity":"","overlay-gradient":""},"tablet":{"background-color":"var(--ast-global-color-5)","background-image":"","background-repeat":"repeat","background-position":"center center","background-size":"auto","background-attachment":"scroll","background-type":"","background-media":"","overlay-type":"","overlay-color":"","overlay-opacity":"","overlay-gradient":""},"mobile":{"background-color":"var(--ast-global-color-5)","background-image":"","background-repeat":"repeat","background-position":"center center","background-size":"auto","background-attachment":"scroll","background-type":"","background-media":"","overlay-type":"","overlay-color":"","overlay-opacity":"","overlay-gradient":""}},"_joinchat":[],"footnotes":""},"class_list":["post-9913","page","type-page","status-publish","hentry"],"acf":[],"pgc_meta":"","_links":{"self":[{"href":"https:\/\/www.onesta.es\/pt-pt\/wp-json\/wp\/v2\/pages\/9913","targetHints":{"allow":["GET"]}}],"collection":[{"href":"https:\/\/www.onesta.es\/pt-pt\/wp-json\/wp\/v2\/pages"}],"about":[{"href":"https:\/\/www.onesta.es\/pt-pt\/wp-json\/wp\/v2\/types\/page"}],"author":[{"embeddable":true,"href":"https:\/\/www.onesta.es\/pt-pt\/wp-json\/wp\/v2\/users\/1"}],"replies":[{"embeddable":true,"href":"https:\/\/www.onesta.es\/pt-pt\/wp-json\/wp\/v2\/comments?post=9913"}],"version-history":[{"count":0,"href":"https:\/\/www.onesta.es\/pt-pt\/wp-json\/wp\/v2\/pages\/9913\/revisions"}],"up":[{"embeddable":true,"href":"https:\/\/www.onesta.es\/pt-pt\/wp-json\/wp\/v2\/pages\/9886"}],"wp:attachment":[{"href":"https:\/\/www.onesta.es\/pt-pt\/wp-json\/wp\/v2\/media?parent=9913"}],"curies":[{"name":"wp","href":"https:\/\/api.w.org\/{rel}","templated":true}]}}