{"id":9907,"date":"2022-02-15T15:34:34","date_gmt":"2022-02-15T14:34:34","guid":{"rendered":"https:\/\/www.onesta.es\/aviso-legal-onesta\/"},"modified":"2023-08-22T13:09:25","modified_gmt":"2023-08-22T11:09:25","slug":"aviso-legal-onesta","status":"publish","type":"page","link":"https:\/\/www.onesta.es\/pt-pt\/aviso-legal-onesta\/","title":{"rendered":"Aviso Legal"},"content":{"rendered":"\t\t<div data-elementor-type=\"wp-page\" data-elementor-id=\"9907\" class=\"elementor elementor-9907 elementor-121\" data-elementor-post-type=\"page\">\n\t\t\t\t\t\t<section class=\"elementor-section elementor-top-section elementor-element elementor-element-8cbec5c elementor-section-boxed elementor-section-height-default elementor-section-height-default\" data-id=\"8cbec5c\" data-element_type=\"section\">\n\t\t\t\t\t\t<div class=\"elementor-container elementor-column-gap-default\">\n\t\t\t\t\t<div class=\"elementor-column elementor-col-100 elementor-top-column elementor-element elementor-element-49df0ba\" data-id=\"49df0ba\" data-element_type=\"column\">\n\t\t\t<div class=\"elementor-widget-wrap elementor-element-populated\">\n\t\t\t\t\t\t<div class=\"elementor-element elementor-element-16cb75a elementor-widget elementor-widget-heading\" data-id=\"16cb75a\" data-element_type=\"widget\" data-widget_type=\"heading.default\">\n\t\t\t\t<div class=\"elementor-widget-container\">\n\t\t\t<p class=\"elementor-heading-title elementor-size-default\">| AVISO LEGAL<\/p>\t\t<\/div>\n\t\t\t\t<\/div>\n\t\t\t\t\t<\/div>\n\t\t<\/div>\n\t\t\t\t\t<\/div>\n\t\t<\/section>\n\t\t\t\t<section class=\"elementor-section elementor-top-section elementor-element elementor-element-42a14a5 elementor-section-boxed elementor-section-height-default elementor-section-height-default\" data-id=\"42a14a5\" data-element_type=\"section\">\n\t\t\t\t\t\t<div class=\"elementor-container elementor-column-gap-default\">\n\t\t\t\t\t<div class=\"elementor-column elementor-col-100 elementor-top-column elementor-element elementor-element-ecb5d62\" data-id=\"ecb5d62\" data-element_type=\"column\">\n\t\t\t<div class=\"elementor-widget-wrap elementor-element-populated\">\n\t\t\t\t\t\t<div class=\"elementor-element elementor-element-40cf05d elementor-widget elementor-widget-heading\" data-id=\"40cf05d\" data-element_type=\"widget\" data-widget_type=\"heading.default\">\n\t\t\t\t<div class=\"elementor-widget-container\">\n\t\t\t<h1 class=\"elementor-heading-title elementor-size-default\">AVISO LEGAL<\/h1>\t\t<\/div>\n\t\t\t\t<\/div>\n\t\t\t\t\t<\/div>\n\t\t<\/div>\n\t\t\t\t\t<\/div>\n\t\t<\/section>\n\t\t\t\t<section class=\"elementor-section elementor-top-section elementor-element elementor-element-ce0e122 elementor-section-boxed elementor-section-height-default elementor-section-height-default\" data-id=\"ce0e122\" data-element_type=\"section\">\n\t\t\t\t\t\t<div class=\"elementor-container elementor-column-gap-default\">\n\t\t\t\t\t<div class=\"elementor-column elementor-col-100 elementor-top-column elementor-element elementor-element-68ffa27\" data-id=\"68ffa27\" data-element_type=\"column\">\n\t\t\t<div class=\"elementor-widget-wrap elementor-element-populated\">\n\t\t\t\t\t\t<div class=\"elementor-element elementor-element-6738538 elementor-widget elementor-widget-text-editor\" data-id=\"6738538\" data-element_type=\"widget\" data-widget_type=\"text-editor.default\">\n\t\t\t\t<div class=\"elementor-widget-container\">\n\t\t\t\t\t\t\t<h3><strong>Dados comerciais<\/strong><\/h3><p>ONESTA INVERSIONES SLU, com domic\u00edlio na Av. Gran Capit\u00e1n 46, piso 2, escrit\u00f3rio 6, 14006, C\u00f3rdoba, com NIF B14641690, e registada no Registo Comercial de C\u00f3rdoba no Tomo 323, Folio 172, \u00a0Folha 5374 \u00a0e inscri\u00e7\u00e3o 1\u00aa, \u00e9 a titular do dom\u00ednio\u00a0<a href=\"https:\/\/onesta.es\">www.onesta.es<\/a><\/p><p>Para mais informa\u00e7\u00f5es:<br \/>Telefone: +34 957 749 900<br \/>Email:\u00a0<a href=\"mailto:rgpd@onesta.es\">rgpd@onesta.es<\/a><\/p><h3><strong>Modifica\u00e7\u00f5es e atualiza\u00e7\u00f5es do website:<\/strong><\/h3><p>O conte\u00fado de\u00a0<a href=\"https:\/\/onesta.es\">www.onesta.es<\/a>\u00a0est\u00e1 sujeito aos direitos de propriedade industrial e intelectual da ONESTA INVERSIONES SLU ou de terceiros titulares dos mesmos, que autorizaram devidamente a sua inclus\u00e3o em\u00a0<a href=\"https:\/\/onesta.es\">www.onesta.es<\/a>, com exce\u00e7\u00e3o dos direitos sobre produtos e servi\u00e7os que n\u00e3o s\u00e3o propriedade da ONESTA INVERSIONES SLU, cujas marcas est\u00e3o registadas a favor dos respetivos titulares e s\u00e3o reconhecidas como tal pela ONESTA INVERSIONES SLU.<\/p><p>\u00c9 necess\u00e1rio o consentimento pr\u00e9vio por escrito da ONESTA INVERSIONES SLU para reproduzir, copiar ou publicar o conte\u00fado desta p\u00e1gina web.<br \/>A ONESTA INVERSIONES SLU tem a faculdade de modificar ou suspender o acesso ao conte\u00fado da p\u00e1gina web quando o considerar oportuno e sem aviso pr\u00e9vio.<br \/>A ONESTA INVERSIONES SLU n\u00e3o se compromete a que os conte\u00fados de <a href=\"https:\/\/onesta.es\">www.onesta.es<\/a> sejam atualizados imediatamente.<\/p><h3><strong>Links:<\/strong><\/h3><p><a href=\"https:\/\/onesta.es\">www.onesta.es<\/a> cont\u00e9m liga\u00e7\u00f5es (links) para outros websites sobre os quais a ONESTA INVERSIONES SLU n\u00e3o tem controlo e cujo conte\u00fado e disponibilidade n\u00e3o s\u00e3o da sua responsabilidade. O utilizador assume sob a sua responsabilidade exclusiva os danos ou preju\u00edzos, assim como a perda de dados que possam resultar do acesso a essas liga\u00e7\u00f5es, do download do material nelas contido ou do seu uso indevido.<\/p>\t\t\t\t\t\t<\/div>\n\t\t\t\t<\/div>\n\t\t\t\t\t<\/div>\n\t\t<\/div>\n\t\t\t\t\t<\/div>\n\t\t<\/section>\n\t\t\t\t<\/div>\n\t\t","protected":false},"excerpt":{"rendered":"<p>| AVISO LEGAL AVISO LEGAL Dados comerciais ONESTA INVERSIONES SLU, com domic\u00edlio na Av. Gran Capit\u00e1n 46, piso 2, escrit\u00f3rio 6, 14006, C\u00f3rdoba, com NIF B14641690, e registada no Registo Comercial de C\u00f3rdoba no Tomo 323, Folio 172, \u00a0Folha 5374 \u00a0e inscri\u00e7\u00e3o 1\u00aa, \u00e9 a titular do dom\u00ednio\u00a0www.onesta.es Para mais informa\u00e7\u00f5es:Telefone: +34 957 749 900Email:\u00a0rgpd@onesta.es [&hellip;]<\/p>\n","protected":false},"author":1,"featured_media":8942,"parent":0,"menu_order":0,"comment_status":"closed","ping_status":"closed","template":"elementor_header_footer","meta":{"_acf_changed":false,"pgc_meta":"","_seopress_robots_primary_cat":"","_seopress_titles_title":"","_seopress_titles_desc":"","_seopress_robots_index":"","site-sidebar-layout":"default","site-content-layout":"","ast-site-content-layout":"","site-content-style":"default","site-sidebar-style":"default","ast-global-header-display":"","ast-banner-title-visibility":"","ast-main-header-display":"","ast-hfb-above-header-display":"","ast-hfb-below-header-display":"","ast-hfb-mobile-header-display":"","site-post-title":"","ast-breadcrumbs-content":"","ast-featured-img":"","footer-sml-layout":"","theme-transparent-header-meta":"","adv-header-id-meta":"","stick-header-meta":"","header-above-stick-meta":"","header-main-stick-meta":"","header-below-stick-meta":"","astra-migrate-meta-layouts":"default","ast-page-background-enabled":"default","ast-page-background-meta":{"desktop":{"background-color":"var(--ast-global-color-4)","background-image":"","background-repeat":"repeat","background-position":"center center","background-size":"auto","background-attachment":"scroll","background-type":"","background-media":"","overlay-type":"","overlay-color":"","overlay-opacity":"","overlay-gradient":""},"tablet":{"background-color":"","background-image":"","background-repeat":"repeat","background-position":"center center","background-size":"auto","background-attachment":"scroll","background-type":"","background-media":"","overlay-type":"","overlay-color":"","overlay-opacity":"","overlay-gradient":""},"mobile":{"background-color":"","background-image":"","background-repeat":"repeat","background-position":"center center","background-size":"auto","background-attachment":"scroll","background-type":"","background-media":"","overlay-type":"","overlay-color":"","overlay-opacity":"","overlay-gradient":""}},"ast-content-background-meta":{"desktop":{"background-color":"var(--ast-global-color-5)","background-image":"","background-repeat":"repeat","background-position":"center center","background-size":"auto","background-attachment":"scroll","background-type":"","background-media":"","overlay-type":"","overlay-color":"","overlay-opacity":"","overlay-gradient":""},"tablet":{"background-color":"var(--ast-global-color-5)","background-image":"","background-repeat":"repeat","background-position":"center center","background-size":"auto","background-attachment":"scroll","background-type":"","background-media":"","overlay-type":"","overlay-color":"","overlay-opacity":"","overlay-gradient":""},"mobile":{"background-color":"var(--ast-global-color-5)","background-image":"","background-repeat":"repeat","background-position":"center center","background-size":"auto","background-attachment":"scroll","background-type":"","background-media":"","overlay-type":"","overlay-color":"","overlay-opacity":"","overlay-gradient":""}},"_joinchat":[],"footnotes":""},"class_list":["post-9907","page","type-page","status-publish","has-post-thumbnail","hentry"],"acf":[],"pgc_meta":"","_links":{"self":[{"href":"https:\/\/www.onesta.es\/pt-pt\/wp-json\/wp\/v2\/pages\/9907","targetHints":{"allow":["GET"]}}],"collection":[{"href":"https:\/\/www.onesta.es\/pt-pt\/wp-json\/wp\/v2\/pages"}],"about":[{"href":"https:\/\/www.onesta.es\/pt-pt\/wp-json\/wp\/v2\/types\/page"}],"author":[{"embeddable":true,"href":"https:\/\/www.onesta.es\/pt-pt\/wp-json\/wp\/v2\/users\/1"}],"replies":[{"embeddable":true,"href":"https:\/\/www.onesta.es\/pt-pt\/wp-json\/wp\/v2\/comments?post=9907"}],"version-history":[{"count":0,"href":"https:\/\/www.onesta.es\/pt-pt\/wp-json\/wp\/v2\/pages\/9907\/revisions"}],"wp:featuredmedia":[{"embeddable":true,"href":"https:\/\/www.onesta.es\/pt-pt\/wp-json\/wp\/v2\/media\/8942"}],"wp:attachment":[{"href":"https:\/\/www.onesta.es\/pt-pt\/wp-json\/wp\/v2\/media?parent=9907"}],"curies":[{"name":"wp","href":"https:\/\/api.w.org\/{rel}","templated":true}]}}