{"id":9889,"date":"2022-02-15T15:28:44","date_gmt":"2022-02-15T14:28:44","guid":{"rendered":"https:\/\/www.onesta.es\/politica-de-cookies\/"},"modified":"2023-08-22T13:09:44","modified_gmt":"2023-08-22T11:09:44","slug":"politica-de-cookies","status":"publish","type":"page","link":"https:\/\/www.onesta.es\/pt-pt\/politica-de-cookies\/","title":{"rendered":"Pol\u00edtica de Cookies"},"content":{"rendered":"\t\t<div data-elementor-type=\"wp-page\" data-elementor-id=\"9889\" class=\"elementor elementor-9889 elementor-106\" data-elementor-post-type=\"page\">\n\t\t\t\t\t\t<section class=\"elementor-section elementor-top-section elementor-element elementor-element-64bf5c8 elementor-section-boxed elementor-section-height-default elementor-section-height-default\" data-id=\"64bf5c8\" data-element_type=\"section\">\n\t\t\t\t\t\t<div class=\"elementor-container elementor-column-gap-default\">\n\t\t\t\t\t<div class=\"elementor-column elementor-col-100 elementor-top-column elementor-element elementor-element-1f1c10f\" data-id=\"1f1c10f\" data-element_type=\"column\">\n\t\t\t<div class=\"elementor-widget-wrap elementor-element-populated\">\n\t\t\t\t\t\t<div class=\"elementor-element elementor-element-f292951 elementor-widget elementor-widget-heading\" data-id=\"f292951\" data-element_type=\"widget\" data-widget_type=\"heading.default\">\n\t\t\t\t<div class=\"elementor-widget-container\">\n\t\t\t<p class=\"elementor-heading-title elementor-size-default\">| POL\u00cdTICA DE COOKIES<\/p>\t\t<\/div>\n\t\t\t\t<\/div>\n\t\t\t\t\t<\/div>\n\t\t<\/div>\n\t\t\t\t\t<\/div>\n\t\t<\/section>\n\t\t\t\t<section class=\"elementor-section elementor-top-section elementor-element elementor-element-5276642 elementor-section-boxed elementor-section-height-default elementor-section-height-default\" data-id=\"5276642\" data-element_type=\"section\">\n\t\t\t\t\t\t<div class=\"elementor-container elementor-column-gap-default\">\n\t\t\t\t\t<div class=\"elementor-column elementor-col-100 elementor-top-column elementor-element elementor-element-f04a65e\" data-id=\"f04a65e\" data-element_type=\"column\">\n\t\t\t<div class=\"elementor-widget-wrap elementor-element-populated\">\n\t\t\t\t\t\t<div class=\"elementor-element elementor-element-4eda15d elementor-widget elementor-widget-heading\" data-id=\"4eda15d\" data-element_type=\"widget\" data-widget_type=\"heading.default\">\n\t\t\t\t<div class=\"elementor-widget-container\">\n\t\t\t<h1 class=\"elementor-heading-title elementor-size-default\">POL\u00cdTICA DE COOKIES<\/h1>\t\t<\/div>\n\t\t\t\t<\/div>\n\t\t\t\t\t<\/div>\n\t\t<\/div>\n\t\t\t\t\t<\/div>\n\t\t<\/section>\n\t\t\t\t<section class=\"elementor-section elementor-top-section elementor-element elementor-element-afefd98 elementor-section-boxed elementor-section-height-default elementor-section-height-default\" data-id=\"afefd98\" data-element_type=\"section\">\n\t\t\t\t\t\t<div class=\"elementor-container elementor-column-gap-default\">\n\t\t\t\t\t<div class=\"elementor-column elementor-col-100 elementor-top-column elementor-element elementor-element-e581295\" data-id=\"e581295\" data-element_type=\"column\">\n\t\t\t<div class=\"elementor-widget-wrap elementor-element-populated\">\n\t\t\t\t\t\t<div class=\"elementor-element elementor-element-450c8a1 elementor-widget elementor-widget-text-editor\" data-id=\"450c8a1\" data-element_type=\"widget\" data-widget_type=\"text-editor.default\">\n\t\t\t\t<div class=\"elementor-widget-container\">\n\t\t\t\t\t\t\tA legisla\u00e7\u00e3o atual da LSSI (Lei da Sociedade da Informa\u00e7\u00e3o e Com\u00e9rcio Eletr\u00f3nico) obriga-nos, como titulares do site https:\/\/onesta.es, a informar sobre os cookies que s\u00e3o descarregados neste site, especialmente os cookies de terceiros. Embora seja imposs\u00edvel faz\u00ea-lo de forma estrita (uma vez que a maioria depende exclusivamente de servi\u00e7os como o Google), pelo menos neste site, tentaremos especificar os cookies mais est\u00e1veis.\n\nOs utilizadores que n\u00e3o desejem receber cookies ou queiram ser informados antes de serem armazenados no seu computador ou dispositivo podem configurar o seu navegador para esse efeito.\n\n<h2><strong>O que \u00e9 um cookie?<\/strong><\/h2>\nUm cookie \u00e9 um ficheiro inofensivo que \u00e9 descarregado no seu computador ao aceder a determinadas p\u00e1ginas da web. Os cookies permitem que uma p\u00e1gina da web, entre outras coisas, armazene e recupere informa\u00e7\u00f5es sobre os h\u00e1bitos de navega\u00e7\u00e3o de um utilizador ou do seu equipamento, dependendo das informa\u00e7\u00f5es que cont\u00eam e da forma como utiliza o seu equipamento.\n\nAssim, existem cookies que obt\u00eam informa\u00e7\u00f5es relacionadas com o n\u00famero de p\u00e1ginas visitadas, a cidade \u00e0 qual est\u00e1 associado o endere\u00e7o IP a partir do qual se acede, o n\u00famero de novos utilizadores, a frequ\u00eancia e reincid\u00eancia das visitas, o tempo de visita, o navegador, o operador ou o tipo de terminal a partir do qual \u00e9 realizada a visita.\n<h2><strong>Que tipos de cookies s\u00e3o utilizados neste site?<\/strong><\/h2>\nAo aceder ao site https:\/\/onesta.es, informamos que se continuar a navegar ser\u00e3o instalados v\u00e1rios cookies pr\u00f3prios e de terceiros relacionados com as an\u00e1lises do site (por exemplo, Google Analytics ou ferramentas semelhantes) para ajudar o site a analisar a utiliza\u00e7\u00e3o que os utilizadores fazem do site e melhorar a sua usabilidade. No entanto, em nenhum caso est\u00e3o associados a dados que possam identificar o utilizador. Os dados guardados s\u00e3o de natureza t\u00e9cnica, prefer\u00eancias pessoais, personaliza\u00e7\u00e3o de conte\u00fados, etc. O servidor web associa-o ao navegador web, n\u00e3o \u00e0 sua pessoa.\n\n<em>Se desejar, pode desativar o acompanhamento do Google Analytics atrav\u00e9s <strong><a href=\"https:\/\/tools.google.com\/dlpage\/gaoptout\">desta extens\u00e3o para o navegador oferecida pelo Google<\/a><\/strong><\/em>\n\nSeguidamente, em cumprimento do estabelecido no artigo 22.2 da LSSI, apresentamos os cookies que podem ser habitualmente instalados durante a navega\u00e7\u00e3o neste site.\n\nEste site utiliza cookies pr\u00f3prios e de terceiros para proporcionar uma melhor experi\u00eancia de navega\u00e7\u00e3o, permitir a partilha de conte\u00fados nas redes sociais, deixar coment\u00e1rios e obter estat\u00edsticas dos nossos utilizadores.\n\nComo utilizador, pode recusar o tratamento dos dados ou das informa\u00e7\u00f5es bloqueando estes cookies atrav\u00e9s da configura\u00e7\u00e3o apropriada do seu navegador. No entanto, deve saber que, se o fizer, este site poder\u00e1 n\u00e3o funcionar corretamente.\n\nPor isso, \u00e9 importante que leia esta pol\u00edtica de cookies e compreenda que, ao continuar a navegar, consideramos que aceita a sua utiliza\u00e7\u00e3o. Pode alterar as configura\u00e7\u00f5es do seu navegador para ser avisado quando receber cookies no seu disco r\u00edgido ou desativar a capacidade de armazenar esses cookies no seu disco r\u00edgido.\n\nDe acordo com os termos estabelecidos no artigo 22.2 da Lei 34\/2002, de Servi\u00e7os da Sociedade da Informa\u00e7\u00e3o e Com\u00e9rcio Eletr\u00f3nico, ao continuar a navegar, estar\u00e1 a dar o seu consentimento para o uso dos referidos mecanismos.\n<h2><strong>Que tipos de cookies existem?<\/strong><\/h2>\n<ol>\n \t<li>Tipos de cookies de acordo com a entidade que gere o equipamento ou dom\u00ednio de onde s\u00e3o enviados os cookies e que trata os dados obtidos, podemos distinguir:<\/li>\n<\/ol>\n<ul>\n \t<li><u>Cookies pr\u00f3prios<\/u>: S\u00e3o aqueles que s\u00e3o enviados para o terminal do utilizador a partir de um equipamento ou dom\u00ednio gerido pelo pr\u00f3prio editor e a partir do qual \u00e9 prestado o servi\u00e7o solicitado pelo utilizador.<\/li>\n \t<li><u>Cookies de terceiros<\/u>: S\u00e3o aqueles que s\u00e3o enviados para o terminal do utilizador a partir de um equipamento ou dom\u00ednio que n\u00e3o \u00e9 gerido pelo editor, mas sim por outra entidade que trata os dados obtidos atrav\u00e9s dos cookies.<\/li>\n<\/ul>\nNo caso de os cookies serem instalados a partir de um equipamento ou dom\u00ednio gerido pelo pr\u00f3prio editor, mas as informa\u00e7\u00f5es recolhidas atrav\u00e9s destes s\u00e3o geridas por um terceiro, n\u00e3o podem ser considerados cookies pr\u00f3prios.\n\nAl\u00e9m disso, os navegadores tamb\u00e9m podem permitir aos utilizadores ver e eliminar cookies individualmente.\n\nPode encontrar mais informa\u00e7\u00f5es sobre os cookies em: <a href=\"http:\/\/pt.wikipedia.org\/wiki\/Cookie\">Wikipedia<\/a>\n<h2><strong>Cookies de terceiros<\/strong><\/h2>\nEm alguns casos, partilhamos informa\u00e7\u00f5es sobre os visitantes deste site de forma an\u00f3nima ou agregada com terceiros, como anunciantes, patrocinadores ou auditores, com o \u00fanico objetivo de melhorar os nossos servi\u00e7os. Todas estas tarefas de processamento ser\u00e3o reguladas de acordo com as normas legais e os seus direitos de prote\u00e7\u00e3o de dados ser\u00e3o respeitados de acordo com a regulamenta\u00e7\u00e3o em vigor.\n\nEste site mede o tr\u00e1fego com diferentes solu\u00e7\u00f5es que podem utilizar <em>cookies ou web beacons<\/em> para analisar o que acontece nas nossas p\u00e1ginas. Atualmente, utilizamos as seguintes solu\u00e7\u00f5es para a medi\u00e7\u00e3o do tr\u00e1fego deste site. Pode encontrar mais informa\u00e7\u00f5es sobre a pol\u00edtica de privacidade de cada uma das solu\u00e7\u00f5es utilizadas para este fim:\n<ul>\n \t<li><a href=\"http:\/\/www.google.com\/intl\/pt\/policies\/privacy\/partners\/\">Como o Google utiliza os dados que recolhe nos sites<\/a><\/li>\n \t<li>Google (Analytics): <a href=\"http:\/\/www.google.com\/intl\/pt_ALL\/privacypolicy.html\">Pol\u00edtica de Privacidade do Google Analytics<\/a> (se desejar, pode desativar o acompanhamento do Google Analytics atrav\u00e9s <a href=\"https:\/\/tools.google.com\/dlpage\/gaoptout\">desta extens\u00e3o para o navegador oferecida pelo Google<\/a>)<\/li>\n<\/ul>\n<h2><strong>Que tipos de cookies s\u00e3o utilizados neste site?<\/strong><\/h2>\nA seguir, \u00e9 apresentada a seguinte tabela, apenas exemplificativa, com a identifica\u00e7\u00e3o dos cookies mais relevantes utilizados neste site, bem como se s\u00e3o pr\u00f3prios ou de terceiros (e identifica\u00e7\u00e3o do terceiro contratado ou cujos servi\u00e7os foram decididos utilizar) e a sua finalidade\n<table width=\"560\">\n<tbody>\n<tr>\n<td width=\"187\">Cookies pr\u00f3prios<\/td>\n<td width=\"187\"><\/td>\n<td width=\"187\"><\/td>\n<\/tr>\n<tr>\n<td width=\"187\">Cookies<\/td>\n<td width=\"187\">Informa\u00e7\u00e3o (*)<\/td>\n<td width=\"187\">Finalidade<\/td>\n<\/tr>\n<tr>\n<td width=\"187\">Estritamente necess\u00e1rios<\/td>\n<td width=\"187\">Cookies de sess\u00e3o, identifica\u00e7\u00e3o do utilizador<\/td>\n<td width=\"187\">Permitem oferecer servi\u00e7os ou recordar configura\u00e7\u00f5es<\/td>\n<\/tr>\n<tr>\n<td width=\"187\"><\/td>\n<td width=\"187\">Cookies de seguran\u00e7a do utilizador<\/td>\n<td width=\"187\">para melhorar a sua experi\u00eancia<\/td>\n<\/tr>\n<tr>\n<td width=\"187\"><\/td>\n<td width=\"187\">Cookies de sess\u00e3o do reprodutor multim\u00e9dia<\/td>\n<td width=\"187\">de navega\u00e7\u00e3o no nosso site.<\/td>\n<\/tr>\n<tr>\n<td width=\"187\"><\/td>\n<td width=\"187\">Cookies de sess\u00e3o para equilibrar a carga<\/td>\n<td width=\"187\"><\/td>\n<\/tr>\n<tr>\n<td width=\"187\"><\/td>\n<td width=\"187\">Cookies de personaliza\u00e7\u00e3o da interface do utilizador<\/td>\n<td width=\"187\"><\/td>\n<\/tr>\n<tr>\n<td width=\"187\"><\/td>\n<td width=\"187\">Cookies de complemento (plug-in) para partilhar e trocar conte\u00fados sociais (Facebook e Twitter)<\/td>\n<td width=\"187\"><\/td>\n<\/tr>\n<\/tbody>\n<\/table>\n<table width=\"560\">\n<tbody>\n<tr>\n<td width=\"187\">Cookies de terceiros:<\/td>\n<td width=\"187\"><\/td>\n<td width=\"187\"><\/td>\n<\/tr>\n<tr>\n<td width=\"187\">Cookies<\/td>\n<td width=\"187\">Informa\u00e7\u00e3o (*)<\/td>\n<td width=\"187\">Finalidade<\/td>\n<\/tr>\n<tr>\n<td width=\"187\">An\u00e1lises do Google Analytics<\/td>\n<td width=\"187\">N\u00famero de visitas, p\u00e1ginas ou sec\u00e7\u00f5es visitadas, tempo de navega\u00e7\u00e3o, sites visitados antes de entrar nesta p\u00e1gina, detalhes sobre os navegadores utilizados<\/td>\n<td width=\"187\">Relat\u00f3rios estat\u00edsticos sobre o tr\u00e1fego do site, a sua audi\u00eancia total e a audi\u00eancia numa determinada campanha publicit\u00e1ria<\/td>\n<\/tr>\n<tr>\n<td width=\"187\"><\/td>\n<td width=\"187\">Cookies t\u00e9cnicos<\/td>\n<td width=\"187\">Refor\u00e7am a seguran\u00e7a<\/td>\n<\/tr>\n<tr>\n<td width=\"187\">JavaScript<\/td>\n<td width=\"187\"><\/td>\n<td width=\"187\"><\/td>\n<\/tr>\n<tr>\n<td width=\"187\">Jquery<\/td>\n<td width=\"187\"><\/td>\n<td width=\"187\"><\/td>\n<\/tr>\n<\/tbody>\n<\/table>\nTamb\u00e9m existem cookies correspondentes \u00e0s redes sociais utilizadas neste site, que t\u00eam as suas pr\u00f3prias pol\u00edticas de cookies.\n<ul>\n \t<li>Cookie do Twitter, de acordo com a sua <a href=\"https:\/\/twitter.com\/privacy\">pol\u00edtica de privacidade e utiliza\u00e7\u00e3o de cookies<\/a>.<\/li>\n \t<li>Cookie do Facebook, de acordo com a sua <a href=\"https:\/\/www.facebook.com\/help\/cookies?ref_type=sitefooter\">pol\u00edtica de cookies.<\/a><\/li>\n \t<li>Cookie do Google+ e Google Maps, de acordo com a sua p\u00e1gina sobre que <a href=\"http:\/\/www.google.com\/intl\/pt\/policies\/technologies\/types\/\">tipo de cookies utilizam.<\/a><\/li>\n<\/ul>\n<h2><\/h2>\n<h2><strong>Como s\u00e3o geridos os cookies?<\/strong><\/h2>\nUma vez que os cookies s\u00e3o ficheiros de texto normais, podem ser explorados com a maioria dos editores de texto ou programas de processamento de texto. Pode clicar num cookie para o abrir. A seguir, apresentamos uma lista de liga\u00e7\u00f5es sobre como ver cookies em diferentes navegadores. Se utilizar outro navegador, consulte a informa\u00e7\u00e3o sobre cookies no pr\u00f3prio navegador. Se utilizar um telem\u00f3vel, consulte o manual do dispositivo para obter mais informa\u00e7\u00f5es.\n<ul>\n \t<li>Firefox:<\/li>\n<\/ul>\n<a href=\"https:\/\/www.mozilla.org\/pt-PT\/privacy\/websites\/#cookies\">https:\/\/www.mozilla.org\/pt-PT\/privacy\/websites\/#cookies<\/a>\n<ul>\n \t<li>Chrome:<\/li>\n<\/ul>\n<a href=\"https:\/\/support.google.com\/chrome\/bin\/answer.py?hl=pt&amp;answer=95647&amp;topi%20c=14666&amp;ctx=topic\">https:\/\/support.google.com\/chrome\/bin\/answer.py?hl=pt&amp;answer=95647&amp;topi c=14666&amp;ctx=topic<\/a>\n<ul>\n \t<li>Internet Explorer 8-10:<\/li>\n<\/ul>\n<a href=\"http:\/\/windows.microsoft.com\/pt-pt\/internet-explorer\/delete-manage-cookies\">http:\/\/windows.microsoft.com\/pt-pt\/internet-explorer\/delete-manage-cookies<\/a>\n<ul>\n \t<li>Safari:<\/li>\n<\/ul>\n<a href=\"http:\/\/support.apple.com\/kb\/ph5042\">http:\/\/support.apple.com\/kb\/ph5042<\/a>\n<ul>\n \t<li>Opera:<\/li>\n<\/ul>\n<a href=\"http:\/\/help.opera.com\/Windows\/12.00\/pt-PT\/cookies.html\">http:\/\/help.opera.com\/Windows\/12.00\/pt-PT\/cookies.html<\/a>\n<h2><strong>Desativa\u00e7\u00e3o\/ativa\u00e7\u00e3o ou elimina\u00e7\u00e3o de cookies:<\/strong><\/h2>\nPara restringir ou bloquear cookies, fa\u00e7a-o atrav\u00e9s das defini\u00e7\u00f5es do navegador.\n\nSe n\u00e3o pretender que os sites coloquem qualquer cookie no seu equipamento, pode ajustar as defini\u00e7\u00f5es do navegador para ser notificado antes de colocar qualquer cookie. Da mesma forma, pode ajustar as defini\u00e7\u00f5es para recusar todos os cookies ou apenas os cookies de terceiros. Tamb\u00e9m pode eliminar quaisquer cookies j\u00e1 existentes no equipamento. Tenha em mente que ter\u00e1 de ajustar as defini\u00e7\u00f5es separadamente para cada navegador e equipamento que utilize.\n\nLembre-se de que, se n\u00e3o quiser receber cookies, n\u00e3o podemos garantir que o nosso site funcione corretamente. Algumas funcionalidades do site podem ser perdidas e pode j\u00e1 n\u00e3o conseguir ver alguns sites. Recusar os cookies n\u00e3o significa que j\u00e1 n\u00e3o ver\u00e1 an\u00fancios. Os an\u00fancios simplesmente n\u00e3o ser\u00e3o ajustados aos seus interesses e ser\u00e3o apresentados com mais frequ\u00eancia.\n\nCada navegador tem um m\u00e9todo diferente para ajustar as defini\u00e7\u00f5es. Se necess\u00e1rio, consulte a fun\u00e7\u00e3o de ajuda do navegador para definir as defini\u00e7\u00f5es corretas.\n\nPara desativar os cookies no telem\u00f3vel, consulte o manual do dispositivo para obter mais informa\u00e7\u00f5es.\n\nPode obter mais informa\u00e7\u00f5es sobre cookies na Internet, <a href=\"http:\/\/www.aboutcookies.org\/\">http:\/\/www.aboutcookies.org\/<\/a>\n\nTendo em conta a forma como a Internet e os sites funcionam, nem sempre temos informa\u00e7\u00f5es sobre os cookies colocados por terceiros atrav\u00e9s do nosso site. Isso aplica-se especialmente a casos em que o nosso site cont\u00e9m o que s\u00e3o chamados de elementos integrados: textos, documentos, imagens ou pequenos v\u00eddeos armazenados em outro local, mas exibidos no nosso site ou atrav\u00e9s deste.\n\nPortanto, se encontrar este tipo de cookies neste site e eles n\u00e3o estiverem listados na lista acima, pedimos que nos informe. Ou entre diretamente em contacto com a terceira parte para obter informa\u00e7\u00f5es sobre os cookies que est\u00e3o a ser colocados, o objetivo e a dura\u00e7\u00e3o do cookie e como foi garantida a sua privacidade.\n\nPara utilizar este site, n\u00e3o \u00e9 necess\u00e1rio instalar cookies. O utilizador pode recus\u00e1-los ou configurar o seu navegador para bloque\u00e1-los e, se for o caso, elimin\u00e1-los.\n\t\t\t\t\t\t<\/div>\n\t\t\t\t<\/div>\n\t\t\t\t\t<\/div>\n\t\t<\/div>\n\t\t\t\t\t<\/div>\n\t\t<\/section>\n\t\t\t\t<\/div>\n\t\t","protected":false},"excerpt":{"rendered":"<p>| POL\u00cdTICA DE COOKIES POL\u00cdTICA DE COOKIES A legisla\u00e7\u00e3o atual da LSSI (Lei da Sociedade da Informa\u00e7\u00e3o e Com\u00e9rcio Eletr\u00f3nico) obriga-nos, como titulares do site https:\/\/onesta.es, a informar sobre os cookies que s\u00e3o descarregados neste site, especialmente os cookies de terceiros. Embora seja imposs\u00edvel faz\u00ea-lo de forma estrita (uma vez que a maioria depende exclusivamente [&hellip;]<\/p>\n","protected":false},"author":1,"featured_media":8942,"parent":0,"menu_order":0,"comment_status":"closed","ping_status":"closed","template":"elementor_header_footer","meta":{"_acf_changed":false,"pgc_meta":"","_seopress_robots_primary_cat":"","_seopress_titles_title":"","_seopress_titles_desc":"","_seopress_robots_index":"","site-sidebar-layout":"default","site-content-layout":"","ast-site-content-layout":"","site-content-style":"default","site-sidebar-style":"default","ast-global-header-display":"","ast-banner-title-visibility":"","ast-main-header-display":"","ast-hfb-above-header-display":"","ast-hfb-below-header-display":"","ast-hfb-mobile-header-display":"","site-post-title":"","ast-breadcrumbs-content":"","ast-featured-img":"","footer-sml-layout":"","theme-transparent-header-meta":"","adv-header-id-meta":"","stick-header-meta":"","header-above-stick-meta":"","header-main-stick-meta":"","header-below-stick-meta":"","astra-migrate-meta-layouts":"default","ast-page-background-enabled":"default","ast-page-background-meta":{"desktop":{"background-color":"var(--ast-global-color-4)","background-image":"","background-repeat":"repeat","background-position":"center center","background-size":"auto","background-attachment":"scroll","background-type":"","background-media":"","overlay-type":"","overlay-color":"","overlay-opacity":"","overlay-gradient":""},"tablet":{"background-color":"","background-image":"","background-repeat":"repeat","background-position":"center center","background-size":"auto","background-attachment":"scroll","background-type":"","background-media":"","overlay-type":"","overlay-color":"","overlay-opacity":"","overlay-gradient":""},"mobile":{"background-color":"","background-image":"","background-repeat":"repeat","background-position":"center center","background-size":"auto","background-attachment":"scroll","background-type":"","background-media":"","overlay-type":"","overlay-color":"","overlay-opacity":"","overlay-gradient":""}},"ast-content-background-meta":{"desktop":{"background-color":"var(--ast-global-color-5)","background-image":"","background-repeat":"repeat","background-position":"center center","background-size":"auto","background-attachment":"scroll","background-type":"","background-media":"","overlay-type":"","overlay-color":"","overlay-opacity":"","overlay-gradient":""},"tablet":{"background-color":"var(--ast-global-color-5)","background-image":"","background-repeat":"repeat","background-position":"center center","background-size":"auto","background-attachment":"scroll","background-type":"","background-media":"","overlay-type":"","overlay-color":"","overlay-opacity":"","overlay-gradient":""},"mobile":{"background-color":"var(--ast-global-color-5)","background-image":"","background-repeat":"repeat","background-position":"center center","background-size":"auto","background-attachment":"scroll","background-type":"","background-media":"","overlay-type":"","overlay-color":"","overlay-opacity":"","overlay-gradient":""}},"_joinchat":[],"footnotes":""},"class_list":["post-9889","page","type-page","status-publish","has-post-thumbnail","hentry"],"acf":[],"pgc_meta":"","_links":{"self":[{"href":"https:\/\/www.onesta.es\/pt-pt\/wp-json\/wp\/v2\/pages\/9889","targetHints":{"allow":["GET"]}}],"collection":[{"href":"https:\/\/www.onesta.es\/pt-pt\/wp-json\/wp\/v2\/pages"}],"about":[{"href":"https:\/\/www.onesta.es\/pt-pt\/wp-json\/wp\/v2\/types\/page"}],"author":[{"embeddable":true,"href":"https:\/\/www.onesta.es\/pt-pt\/wp-json\/wp\/v2\/users\/1"}],"replies":[{"embeddable":true,"href":"https:\/\/www.onesta.es\/pt-pt\/wp-json\/wp\/v2\/comments?post=9889"}],"version-history":[{"count":0,"href":"https:\/\/www.onesta.es\/pt-pt\/wp-json\/wp\/v2\/pages\/9889\/revisions"}],"wp:featuredmedia":[{"embeddable":true,"href":"https:\/\/www.onesta.es\/pt-pt\/wp-json\/wp\/v2\/media\/8942"}],"wp:attachment":[{"href":"https:\/\/www.onesta.es\/pt-pt\/wp-json\/wp\/v2\/media?parent=9889"}],"curies":[{"name":"wp","href":"https:\/\/api.w.org\/{rel}","templated":true}]}}