{"id":13097,"date":"2024-11-13T17:12:56","date_gmt":"2024-11-13T16:12:56","guid":{"rendered":"https:\/\/www.onesta.es\/?post_type=product&#038;p=13097"},"modified":"2024-11-13T17:12:56","modified_gmt":"2024-11-13T16:12:56","slug":"perfil-tratado-pino-rojo","status":"publish","type":"product","link":"https:\/\/www.onesta.es\/en\/perfil-tratado-pino-rojo\/","title":{"rendered":"Perfil Tratado Pino Rojo"},"content":{"rendered":"","protected":false},"excerpt":{"rendered":"<p>La madera tratada en autoclave es la madera protegida de elementos xil\u00f3fagos y pudrici\u00f3n mediante un sistema de tratamiento Bethell (Vac\u00edo-presi\u00f3n-vac\u00edo) con sales de cobre libres de cromo y ars\u00e9nico.<\/p>\n<p>El proceso consiste en un vac\u00edo inicial, donde es expulsado todo el aire del interior de la madera. Posteriormente, se le aplica con productos de sales de cobre con presi\u00f3n durante un tiempo determinado.<\/p>\n<p>Finalmente, se le hace un vac\u00edo para eliminar todo el producto sobrante. Pasadas 24 horas del tratamiento, el producto est\u00e1 totalmente fijado en la madera, proporcionando un tratamiento hasta clase de uso IV. Este tratamiento se usa para madera de con\u00edferas (Abeto o Pino principalmente).<\/p>\n","protected":false},"featured_media":0,"template":"","meta":{"_acf_changed":false,"pgc_meta":"","_seopress_robots_primary_cat":"","_seopress_titles_title":"","_seopress_titles_desc":"","_seopress_robots_index":"","site-sidebar-layout":"default","site-content-layout":"","ast-site-content-layout":"default","site-content-style":"default","site-sidebar-style":"default","ast-global-header-display":"","ast-banner-title-visibility":"","ast-main-header-display":"","ast-hfb-above-header-display":"","ast-hfb-below-header-display":"","ast-hfb-mobile-header-display":"","site-post-title":"","ast-breadcrumbs-content":"","ast-featured-img":"","footer-sml-layout":"","theme-transparent-header-meta":"default","adv-header-id-meta":"","stick-header-meta":"default","header-above-stick-meta":"","header-main-stick-meta":"","header-below-stick-meta":"","astra-migrate-meta-layouts":"set","ast-page-background-enabled":"default","ast-page-background-meta":{"desktop":{"background-color":"var(--ast-global-color-4)","background-image":"","background-repeat":"repeat","background-position":"center center","background-size":"auto","background-attachment":"scroll","background-type":"","background-media":"","overlay-type":"","overlay-color":"","overlay-opacity":"","overlay-gradient":""},"tablet":{"background-color":"","background-image":"","background-repeat":"repeat","background-position":"center center","background-size":"auto","background-attachment":"scroll","background-type":"","background-media":"","overlay-type":"","overlay-color":"","overlay-opacity":"","overlay-gradient":""},"mobile":{"background-color":"","background-image":"","background-repeat":"repeat","background-position":"center center","background-size":"auto","background-attachment":"scroll","background-type":"","background-media":"","overlay-type":"","overlay-color":"","overlay-opacity":"","overlay-gradient":""}},"ast-content-background-meta":{"desktop":{"background-color":"var(--ast-global-color-5)","background-image":"","background-repeat":"repeat","background-position":"center center","background-size":"auto","background-attachment":"scroll","background-type":"","background-media":"","overlay-type":"","overlay-color":"","overlay-opacity":"","overlay-gradient":""},"tablet":{"background-color":"var(--ast-global-color-5)","background-image":"","background-repeat":"repeat","background-position":"center center","background-size":"auto","background-attachment":"scroll","background-type":"","background-media":"","overlay-type":"","overlay-color":"","overlay-opacity":"","overlay-gradient":""},"mobile":{"background-color":"var(--ast-global-color-5)","background-image":"","background-repeat":"repeat","background-position":"center center","background-size":"auto","background-attachment":"scroll","background-type":"","background-media":"","overlay-type":"","overlay-color":"","overlay-opacity":"","overlay-gradient":""}},"_joinchat":[]},"product_cat":[110,111],"product_tag":[],"class_list":{"0":"post-13097","1":"product","2":"type-product","3":"status-publish","5":"product_cat-madera-tratada","6":"product_cat-tratamiento-autoclave","7":"desktop-align-left","8":"tablet-align-left","9":"mobile-align-left","11":"first","12":"instock","13":"shipping-taxable","14":"product-type-simple"},"acf":[],"_links":{"self":[{"href":"https:\/\/www.onesta.es\/en\/wp-json\/wp\/v2\/product\/13097","targetHints":{"allow":["GET"]}}],"collection":[{"href":"https:\/\/www.onesta.es\/en\/wp-json\/wp\/v2\/product"}],"about":[{"href":"https:\/\/www.onesta.es\/en\/wp-json\/wp\/v2\/types\/product"}],"wp:attachment":[{"href":"https:\/\/www.onesta.es\/en\/wp-json\/wp\/v2\/media?parent=13097"}],"wp:term":[{"taxonomy":"product_cat","embeddable":true,"href":"https:\/\/www.onesta.es\/en\/wp-json\/wp\/v2\/product_cat?post=13097"},{"taxonomy":"product_tag","embeddable":true,"href":"https:\/\/www.onesta.es\/en\/wp-json\/wp\/v2\/product_tag?post=13097"}],"curies":[{"name":"wp","href":"https:\/\/api.w.org\/{rel}","templated":true}]}}