{"id":12111,"date":"2024-08-27T12:28:29","date_gmt":"2024-08-27T10:28:29","guid":{"rendered":"https:\/\/www.onesta.es\/?post_type=product&#038;p=12111"},"modified":"2024-08-27T12:48:53","modified_gmt":"2024-08-27T10:48:53","slug":"hdf","status":"publish","type":"product","link":"https:\/\/www.onesta.es\/en\/hdf\/","title":{"rendered":"HDF"},"content":{"rendered":"<p>Com\u00fanmente denominado por sus siglas en ingl\u00e9s, (HDF \u2013 High Density Fibreboard) tablero de part\u00edculas de alta densidad.<\/p>\n<p>Se obtiene aplicando presi\u00f3n y calor a fibras de madera a las que previamente se les ha aplicado un adhesivo basado en resinas sint\u00e9ticas comprimidas.<\/p>\n","protected":false},"excerpt":{"rendered":"<p>Com\u00fanmente denominado por sus siglas en ingl\u00e9s, (HDF \u2013 High Density Fibreboard) tablero de part\u00edculas de alta densidad. Se obtiene aplicando presi\u00f3n y calor a fibras de madera a las que previamente se les ha aplicado un adhesivo basado en resinas sint\u00e9ticas comprimidas.<\/p>\n","protected":false},"featured_media":0,"template":"","meta":{"_acf_changed":false,"pgc_meta":"","_seopress_robots_primary_cat":"none","_seopress_titles_title":"","_seopress_titles_desc":"","_seopress_robots_index":"","site-sidebar-layout":"default","site-content-layout":"","ast-site-content-layout":"default","site-content-style":"default","site-sidebar-style":"default","ast-global-header-display":"","ast-banner-title-visibility":"","ast-main-header-display":"","ast-hfb-above-header-display":"","ast-hfb-below-header-display":"","ast-hfb-mobile-header-display":"","site-post-title":"","ast-breadcrumbs-content":"","ast-featured-img":"","footer-sml-layout":"","theme-transparent-header-meta":"default","adv-header-id-meta":"","stick-header-meta":"default","header-above-stick-meta":"","header-main-stick-meta":"","header-below-stick-meta":"","astra-migrate-meta-layouts":"set","ast-page-background-enabled":"default","ast-page-background-meta":{"desktop":{"background-color":"var(--ast-global-color-4)","background-image":"","background-repeat":"repeat","background-position":"center center","background-size":"auto","background-attachment":"scroll","background-type":"","background-media":"","overlay-type":"","overlay-color":"","overlay-opacity":"","overlay-gradient":""},"tablet":{"background-color":"","background-image":"","background-repeat":"repeat","background-position":"center center","background-size":"auto","background-attachment":"scroll","background-type":"","background-media":"","overlay-type":"","overlay-color":"","overlay-opacity":"","overlay-gradient":""},"mobile":{"background-color":"","background-image":"","background-repeat":"repeat","background-position":"center center","background-size":"auto","background-attachment":"scroll","background-type":"","background-media":"","overlay-type":"","overlay-color":"","overlay-opacity":"","overlay-gradient":""}},"ast-content-background-meta":{"desktop":{"background-color":"var(--ast-global-color-5)","background-image":"","background-repeat":"repeat","background-position":"center center","background-size":"auto","background-attachment":"scroll","background-type":"","background-media":"","overlay-type":"","overlay-color":"","overlay-opacity":"","overlay-gradient":""},"tablet":{"background-color":"var(--ast-global-color-5)","background-image":"","background-repeat":"repeat","background-position":"center center","background-size":"auto","background-attachment":"scroll","background-type":"","background-media":"","overlay-type":"","overlay-color":"","overlay-opacity":"","overlay-gradient":""},"mobile":{"background-color":"var(--ast-global-color-5)","background-image":"","background-repeat":"repeat","background-position":"center center","background-size":"auto","background-attachment":"scroll","background-type":"","background-media":"","overlay-type":"","overlay-color":"","overlay-opacity":"","overlay-gradient":""}},"_joinchat":[]},"product_cat":[62],"product_tag":[],"class_list":{"0":"post-12111","1":"product","2":"type-product","3":"status-publish","5":"product_cat-sin-categorizar","6":"desktop-align-left","7":"tablet-align-left","8":"mobile-align-left","10":"first","11":"instock","12":"shipping-taxable","13":"product-type-simple"},"acf":[],"_links":{"self":[{"href":"https:\/\/www.onesta.es\/en\/wp-json\/wp\/v2\/product\/12111","targetHints":{"allow":["GET"]}}],"collection":[{"href":"https:\/\/www.onesta.es\/en\/wp-json\/wp\/v2\/product"}],"about":[{"href":"https:\/\/www.onesta.es\/en\/wp-json\/wp\/v2\/types\/product"}],"wp:attachment":[{"href":"https:\/\/www.onesta.es\/en\/wp-json\/wp\/v2\/media?parent=12111"}],"wp:term":[{"taxonomy":"product_cat","embeddable":true,"href":"https:\/\/www.onesta.es\/en\/wp-json\/wp\/v2\/product_cat?post=12111"},{"taxonomy":"product_tag","embeddable":true,"href":"https:\/\/www.onesta.es\/en\/wp-json\/wp\/v2\/product_tag?post=12111"}],"curies":[{"name":"wp","href":"https:\/\/api.w.org\/{rel}","templated":true}]}}