{"id":10344,"date":"2023-09-04T16:29:24","date_gmt":"2023-09-04T14:29:24","guid":{"rendered":"https:\/\/www.onesta.es\/?post_type=product&#038;p=10344"},"modified":"2024-10-25T13:48:41","modified_gmt":"2024-10-25T11:48:41","slug":"contrachapado-de-chopo-sales-de-cobre","status":"publish","type":"product","link":"https:\/\/www.onesta.es\/en\/contrachapado-de-chopo-sales-de-cobre\/","title":{"rendered":"Contrachapado de Chopo Sales de Cobre"},"content":{"rendered":"","protected":false},"excerpt":{"rendered":"<p>Tablero de gran resistencia y durabilidad para uso exterior en las condiciones m\u00e1s exigentes.<\/p>\n<p>Contrachapado ultra durable para uso exterior modificado mediante un innovador tratamiento que aporta al tablero una durabilidad excepcional, incluso despu\u00e9s del lijado o mecanizado.<\/p>\n<p>Excepcional calidad superficial, estabilidad, ligereza y facilidad de mecanizado gracias a su madera procedente de plantaciones europeas de r\u00e1pido crecimiento gestionadas de forma sostenible.<\/p>\n<p>M\u00e1xima sostenibilidad gracias a su n\u00facleo de chopo proveniente de plantaciones de r\u00e1pido crecimiento. Esta madera aporta ligereza, estabilidad, calidad superficial y facilidad de mecanizado.<\/p>\n","protected":false},"featured_media":10364,"template":"","meta":{"_acf_changed":false,"pgc_meta":"","_seopress_robots_primary_cat":"none","_seopress_titles_title":"","_seopress_titles_desc":"","_seopress_robots_index":"","site-sidebar-layout":"default","site-content-layout":"default","ast-site-content-layout":"default","site-content-style":"default","site-sidebar-style":"default","ast-global-header-display":"","ast-banner-title-visibility":"","ast-main-header-display":"","ast-hfb-above-header-display":"","ast-hfb-below-header-display":"","ast-hfb-mobile-header-display":"","site-post-title":"","ast-breadcrumbs-content":"","ast-featured-img":"","footer-sml-layout":"","theme-transparent-header-meta":"default","adv-header-id-meta":"","stick-header-meta":"default","header-above-stick-meta":"","header-main-stick-meta":"","header-below-stick-meta":"","astra-migrate-meta-layouts":"set","ast-page-background-enabled":"default","ast-page-background-meta":{"desktop":{"background-color":"var(--ast-global-color-4)","background-image":"","background-repeat":"repeat","background-position":"center center","background-size":"auto","background-attachment":"scroll","background-type":"","background-media":"","overlay-type":"","overlay-color":"","overlay-opacity":"","overlay-gradient":""},"tablet":{"background-color":"","background-image":"","background-repeat":"repeat","background-position":"center center","background-size":"auto","background-attachment":"scroll","background-type":"","background-media":"","overlay-type":"","overlay-color":"","overlay-opacity":"","overlay-gradient":""},"mobile":{"background-color":"","background-image":"","background-repeat":"repeat","background-position":"center center","background-size":"auto","background-attachment":"scroll","background-type":"","background-media":"","overlay-type":"","overlay-color":"","overlay-opacity":"","overlay-gradient":""}},"ast-content-background-meta":{"desktop":{"background-color":"var(--ast-global-color-5)","background-image":"","background-repeat":"repeat","background-position":"center center","background-size":"auto","background-attachment":"scroll","background-type":"","background-media":"","overlay-type":"","overlay-color":"","overlay-opacity":"","overlay-gradient":""},"tablet":{"background-color":"var(--ast-global-color-5)","background-image":"","background-repeat":"repeat","background-position":"center center","background-size":"auto","background-attachment":"scroll","background-type":"","background-media":"","overlay-type":"","overlay-color":"","overlay-opacity":"","overlay-gradient":""},"mobile":{"background-color":"var(--ast-global-color-5)","background-image":"","background-repeat":"repeat","background-position":"center center","background-size":"auto","background-attachment":"scroll","background-type":"","background-media":"","overlay-type":"","overlay-color":"","overlay-opacity":"","overlay-gradient":""}},"_joinchat":[]},"product_cat":[83,64],"product_tag":[],"class_list":{"0":"post-10344","1":"product","2":"type-product","3":"status-publish","4":"has-post-thumbnail","6":"product_cat-contrachapado","7":"product_cat-tableros","8":"pa_ancho-97","9":"pa_ancho-86","10":"pa_ancho-103","11":"pa_grueso-88","12":"pa_grueso-89","13":"pa_grueso-90","14":"pa_grueso-91","15":"pa_grueso-92","16":"pa_grueso-93","17":"pa_grueso-94","18":"pa_grueso-95","19":"pa_grueso-98","20":"pa_grueso-87","21":"pa_grueso-99","22":"pa_grueso-105","23":"pa_grueso-100","24":"pa_grueso-104","25":"pa_grueso-106","26":"pa_largo-96","27":"pa_largo-85","28":"pa_largo-102","29":"desktop-align-left","30":"tablet-align-left","31":"mobile-align-left","33":"first","34":"instock","35":"shipping-taxable","36":"purchasable","37":"product-type-variable"},"acf":[],"_links":{"self":[{"href":"https:\/\/www.onesta.es\/en\/wp-json\/wp\/v2\/product\/10344","targetHints":{"allow":["GET"]}}],"collection":[{"href":"https:\/\/www.onesta.es\/en\/wp-json\/wp\/v2\/product"}],"about":[{"href":"https:\/\/www.onesta.es\/en\/wp-json\/wp\/v2\/types\/product"}],"wp:featuredmedia":[{"embeddable":true,"href":"https:\/\/www.onesta.es\/en\/wp-json\/wp\/v2\/media\/10364"}],"wp:attachment":[{"href":"https:\/\/www.onesta.es\/en\/wp-json\/wp\/v2\/media?parent=10344"}],"wp:term":[{"taxonomy":"product_cat","embeddable":true,"href":"https:\/\/www.onesta.es\/en\/wp-json\/wp\/v2\/product_cat?post=10344"},{"taxonomy":"product_tag","embeddable":true,"href":"https:\/\/www.onesta.es\/en\/wp-json\/wp\/v2\/product_tag?post=10344"}],"curies":[{"name":"wp","href":"https:\/\/api.w.org\/{rel}","templated":true}]}}