{"id":6540,"date":"2022-02-15T15:34:34","date_gmt":"2022-02-15T14:34:34","guid":{"rendered":"https:\/\/www.onesta.es\/aviso-legal-onesta\/"},"modified":"2023-08-22T10:47:13","modified_gmt":"2023-08-22T08:47:13","slug":"legal-warning","status":"publish","type":"page","link":"https:\/\/www.onesta.es\/en\/legal-warning\/","title":{"rendered":"Legal Warning"},"content":{"rendered":"\t\t<div data-elementor-type=\"wp-page\" data-elementor-id=\"6540\" class=\"elementor elementor-6540 elementor-121\" data-elementor-post-type=\"page\">\n\t\t\t\t\t\t<section class=\"elementor-section elementor-top-section elementor-element elementor-element-8cbec5c elementor-section-boxed elementor-section-height-default elementor-section-height-default\" data-id=\"8cbec5c\" data-element_type=\"section\">\n\t\t\t\t\t\t<div class=\"elementor-container elementor-column-gap-default\">\n\t\t\t\t\t<div class=\"elementor-column elementor-col-100 elementor-top-column elementor-element elementor-element-49df0ba\" data-id=\"49df0ba\" data-element_type=\"column\">\n\t\t\t<div class=\"elementor-widget-wrap elementor-element-populated\">\n\t\t\t\t\t\t<div class=\"elementor-element elementor-element-16cb75a elementor-widget elementor-widget-heading\" data-id=\"16cb75a\" data-element_type=\"widget\" data-widget_type=\"heading.default\">\n\t\t\t\t<div class=\"elementor-widget-container\">\n\t\t\t<p class=\"elementor-heading-title elementor-size-default\">| LEGAL WARNING<\/p>\t\t<\/div>\n\t\t\t\t<\/div>\n\t\t\t\t\t<\/div>\n\t\t<\/div>\n\t\t\t\t\t<\/div>\n\t\t<\/section>\n\t\t\t\t<section class=\"elementor-section elementor-top-section elementor-element elementor-element-42a14a5 elementor-section-boxed elementor-section-height-default elementor-section-height-default\" data-id=\"42a14a5\" data-element_type=\"section\">\n\t\t\t\t\t\t<div class=\"elementor-container elementor-column-gap-default\">\n\t\t\t\t\t<div class=\"elementor-column elementor-col-100 elementor-top-column elementor-element elementor-element-ecb5d62\" data-id=\"ecb5d62\" data-element_type=\"column\">\n\t\t\t<div class=\"elementor-widget-wrap elementor-element-populated\">\n\t\t\t\t\t\t<div class=\"elementor-element elementor-element-40cf05d elementor-widget elementor-widget-heading\" data-id=\"40cf05d\" data-element_type=\"widget\" data-widget_type=\"heading.default\">\n\t\t\t\t<div class=\"elementor-widget-container\">\n\t\t\t<h1 class=\"elementor-heading-title elementor-size-default\">LEGAL WARNING<\/h1>\t\t<\/div>\n\t\t\t\t<\/div>\n\t\t\t\t\t<\/div>\n\t\t<\/div>\n\t\t\t\t\t<\/div>\n\t\t<\/section>\n\t\t\t\t<section class=\"elementor-section elementor-top-section elementor-element elementor-element-ce0e122 elementor-section-boxed elementor-section-height-default elementor-section-height-default\" data-id=\"ce0e122\" data-element_type=\"section\">\n\t\t\t\t\t\t<div class=\"elementor-container elementor-column-gap-default\">\n\t\t\t\t\t<div class=\"elementor-column elementor-col-100 elementor-top-column elementor-element elementor-element-68ffa27\" data-id=\"68ffa27\" data-element_type=\"column\">\n\t\t\t<div class=\"elementor-widget-wrap elementor-element-populated\">\n\t\t\t\t\t\t<div class=\"elementor-element elementor-element-6738538 elementor-widget elementor-widget-text-editor\" data-id=\"6738538\" data-element_type=\"widget\" data-widget_type=\"text-editor.default\">\n\t\t\t\t<div class=\"elementor-widget-container\">\n\t\t\t\t\t\t\t<h3><strong>Datos mercantiles<\/strong><\/h3>\n<p>ONESTA INVERSIONES SLU, con domicilio en Av. Gran Capit\u00e1n 46 planta 2 oficina 6, 14006, C\u00f3rdoba, con NIF B14641690, e inscrita en el Registro Mercantil de C\u00f3rdoba en el Tomo 323, Folio 172, \u00a0Hoja 5374 \u00a0e inscripci\u00f3n 1\u00aa, es la titular del dominio\u00a0<a href=\"https:\/\/onesta.es\">www.onesta.es\u00a0<\/a><\/p>\n<p>Para m\u00e1s informaci\u00f3n:<br \/>Tel\u00e9fono: +34 957 749 900<br \/>Email:\u00a0<a href=\"mailto:rgpd@onesta.es\">rgpd@onesta.es<\/a><\/p>\n<h3><strong>Modificaciones y actualizaci\u00f3n de la web:<\/strong><\/h3>\n<p>El contenido de\u00a0<a href=\"https:\/\/onesta.es\">www.onesta.es<\/a>\u00a0est\u00e1 sujeto a los derechos de propiedad industrial e intelectual de ONESTA INVERSIONES SLU.\u00a0o de terceros titulares de los mismos que han autorizado debidamente su inclusi\u00f3n en\u00a0<a href=\"https:\/\/onesta.es\">www.onesta.es<\/a> a excepci\u00f3n de los derechos sobre productos y servicios que no son propiedad de ONESTA INVERSIONES SLU, cuyas marcas est\u00e1n registradas a favor de sus respectivos titulares, y como tal son reconocidas por ONESTA INVERSIONES SLU.<\/p>\n<p>Es necesario el consentimiento previo por escrito de\u00a0ONESTA INVERSIONES SLU para reproducir, copiar o publicar el contenido de esta p\u00e1gina web.<br \/>ONESTA INVERSIONES SLU tiene la facultad de modificar o suspender el acceso al contenido de\u00a0la p\u00e1gina web cuando lo estime oportuno y sin previo aviso.<br \/>ONESTA INVERSIONES SLU no se compromete a que los contenidos de <a href=\"https:\/\/onesta.es\">www.onesta.es<\/a> sean actualizados inmediatamente.<\/p>\n<h3><strong>Links:<\/strong><\/h3>\n<p><a href=\"https:\/\/onesta.es\">www.onesta.es<\/a> contiene enlaces (links) a otras webs respecto de las cuales\u00a0ONESTA INVERSIONES SLU.no tiene control y de cuyo contenido y disponibilidad no se hace responsable. El usuario asume bajo su exclusiva responsabilidad los da\u00f1os o perjuicios, as\u00ed como la p\u00e9rdida de datos que, en su caso, pudieran derivarse del acceso a dichos enlaces, la descarga del material contenido en ellas o su uso indebido.<\/p>\n\t\t\t\t\t\t<\/div>\n\t\t\t\t<\/div>\n\t\t\t\t\t<\/div>\n\t\t<\/div>\n\t\t\t\t\t<\/div>\n\t\t<\/section>\n\t\t\t\t<\/div>\n\t\t","protected":false},"excerpt":{"rendered":"<p>| LEGAL WARNING LEGAL WARNING Datos mercantiles ONESTA INVERSIONES SLU, con domicilio en Av. Gran Capit\u00e1n 46 planta 2 oficina 6, 14006, C\u00f3rdoba, con NIF B14641690, e inscrita en el Registro Mercantil de C\u00f3rdoba en el Tomo 323, Folio 172, \u00a0Hoja 5374 \u00a0e inscripci\u00f3n 1\u00aa, es la titular del dominio\u00a0www.onesta.es\u00a0 Para m\u00e1s informaci\u00f3n:Tel\u00e9fono: +34 957 [&hellip;]<\/p>\n","protected":false},"author":1,"featured_media":3605,"parent":0,"menu_order":0,"comment_status":"closed","ping_status":"closed","template":"elementor_header_footer","meta":{"_acf_changed":false,"pgc_meta":"","_seopress_robots_primary_cat":"","_seopress_titles_title":"","_seopress_titles_desc":"","_seopress_robots_index":"","site-sidebar-layout":"default","site-content-layout":"","ast-site-content-layout":"","site-content-style":"default","site-sidebar-style":"default","ast-global-header-display":"","ast-banner-title-visibility":"","ast-main-header-display":"","ast-hfb-above-header-display":"","ast-hfb-below-header-display":"","ast-hfb-mobile-header-display":"","site-post-title":"","ast-breadcrumbs-content":"","ast-featured-img":"","footer-sml-layout":"","theme-transparent-header-meta":"","adv-header-id-meta":"","stick-header-meta":"","header-above-stick-meta":"","header-main-stick-meta":"","header-below-stick-meta":"","astra-migrate-meta-layouts":"default","ast-page-background-enabled":"default","ast-page-background-meta":{"desktop":{"background-color":"var(--ast-global-color-4)","background-image":"","background-repeat":"repeat","background-position":"center center","background-size":"auto","background-attachment":"scroll","background-type":"","background-media":"","overlay-type":"","overlay-color":"","overlay-opacity":"","overlay-gradient":""},"tablet":{"background-color":"","background-image":"","background-repeat":"repeat","background-position":"center center","background-size":"auto","background-attachment":"scroll","background-type":"","background-media":"","overlay-type":"","overlay-color":"","overlay-opacity":"","overlay-gradient":""},"mobile":{"background-color":"","background-image":"","background-repeat":"repeat","background-position":"center center","background-size":"auto","background-attachment":"scroll","background-type":"","background-media":"","overlay-type":"","overlay-color":"","overlay-opacity":"","overlay-gradient":""}},"ast-content-background-meta":{"desktop":{"background-color":"var(--ast-global-color-5)","background-image":"","background-repeat":"repeat","background-position":"center center","background-size":"auto","background-attachment":"scroll","background-type":"","background-media":"","overlay-type":"","overlay-color":"","overlay-opacity":"","overlay-gradient":""},"tablet":{"background-color":"var(--ast-global-color-5)","background-image":"","background-repeat":"repeat","background-position":"center center","background-size":"auto","background-attachment":"scroll","background-type":"","background-media":"","overlay-type":"","overlay-color":"","overlay-opacity":"","overlay-gradient":""},"mobile":{"background-color":"var(--ast-global-color-5)","background-image":"","background-repeat":"repeat","background-position":"center center","background-size":"auto","background-attachment":"scroll","background-type":"","background-media":"","overlay-type":"","overlay-color":"","overlay-opacity":"","overlay-gradient":""}},"_joinchat":[],"footnotes":""},"class_list":["post-6540","page","type-page","status-publish","has-post-thumbnail","hentry"],"acf":[],"pgc_meta":"","_links":{"self":[{"href":"https:\/\/www.onesta.es\/en\/wp-json\/wp\/v2\/pages\/6540","targetHints":{"allow":["GET"]}}],"collection":[{"href":"https:\/\/www.onesta.es\/en\/wp-json\/wp\/v2\/pages"}],"about":[{"href":"https:\/\/www.onesta.es\/en\/wp-json\/wp\/v2\/types\/page"}],"author":[{"embeddable":true,"href":"https:\/\/www.onesta.es\/en\/wp-json\/wp\/v2\/users\/1"}],"replies":[{"embeddable":true,"href":"https:\/\/www.onesta.es\/en\/wp-json\/wp\/v2\/comments?post=6540"}],"version-history":[{"count":0,"href":"https:\/\/www.onesta.es\/en\/wp-json\/wp\/v2\/pages\/6540\/revisions"}],"wp:featuredmedia":[{"embeddable":true,"href":"https:\/\/www.onesta.es\/en\/wp-json\/wp\/v2\/media\/3605"}],"wp:attachment":[{"href":"https:\/\/www.onesta.es\/en\/wp-json\/wp\/v2\/media?parent=6540"}],"curies":[{"name":"wp","href":"https:\/\/api.w.org\/{rel}","templated":true}]}}